{"id":10801,"date":"2025-02-22T13:50:22","date_gmt":"2025-02-22T12:50:22","guid":{"rendered":"https:\/\/aw-sport.hu\/eu\/product\/life-fitness-olympic-decline-hasznalt\/"},"modified":"2025-02-22T13:50:25","modified_gmt":"2025-02-22T12:50:25","slug":"life-fitness-olympic-decline-hasznalt","status":"publish","type":"product","link":"https:\/\/aw-sport.hu\/eu\/hu\/termek\/life-fitness-olympic-decline-hasznalt\/","title":{"rendered":"Life Fitness, OLYMPIC DECLINE, haszn\u00e1lt"},"content":{"rendered":"","protected":false},"excerpt":{"rendered":"","protected":false},"featured_media":0,"comment_status":"closed","ping_status":"open","template":"","meta":[],"product_brand":[],"product_cat":[141,125],"product_tag":[],"class_list":{"0":"post-10801","1":"product","2":"type-product","3":"status-publish","5":"product_cat-edzopadok","6":"product_cat-edzotermi-gepek","7":"pa_muscle-group-mell","9":"first","10":"instock","11":"purchasable","12":"product-type-simple"},"yoast_head":"<!-- This site is optimized with the Yoast SEO plugin v27.1.1 - https:\/\/yoast.com\/product\/yoast-seo-wordpress\/ -->\n<title>Life Fitness, OLYMPIC DECLINE, haszn\u00e1lt - AW Sport EU<\/title>\n<meta name=\"robots\" content=\"index, follow, max-snippet:-1, max-image-preview:large, max-video-preview:-1\" \/>\n<link rel=\"canonical\" href=\"https:\/\/aw-sport.hu\/eu\/hu\/termek\/life-fitness-olympic-decline-hasznalt\/\" \/>\n<meta property=\"og:locale\" content=\"hu_HU\" \/>\n<meta property=\"og:type\" content=\"article\" \/>\n<meta property=\"og:title\" content=\"Life Fitness, OLYMPIC DECLINE, haszn\u00e1lt - AW Sport EU\" \/>\n<meta property=\"og:url\" content=\"https:\/\/aw-sport.hu\/eu\/hu\/termek\/life-fitness-olympic-decline-hasznalt\/\" \/>\n<meta property=\"og:site_name\" content=\"AW Sport EU\" \/>\n<meta property=\"article:modified_time\" content=\"2025-02-22T12:50:25+00:00\" \/>\n<meta name=\"twitter:card\" content=\"summary_large_image\" \/>\n<script type=\"application\/ld+json\" class=\"yoast-schema-graph\">{\"@context\":\"https:\/\/schema.org\",\"@graph\":[{\"@type\":\"WebPage\",\"@id\":\"https:\/\/aw-sport.hu\/eu\/product\/life-fitness-olympic-decline-hasznalt\/\",\"url\":\"https:\/\/aw-sport.hu\/eu\/product\/life-fitness-olympic-decline-hasznalt\/\",\"name\":\"Life Fitness, OLYMPIC DECLINE, haszn\u00e1lt - AW Sport EU\",\"isPartOf\":{\"@id\":\"https:\/\/aw-sport.hu\/eu\/#website\"},\"datePublished\":\"2025-02-22T12:50:22+00:00\",\"dateModified\":\"2025-02-22T12:50:25+00:00\",\"breadcrumb\":{\"@id\":\"https:\/\/aw-sport.hu\/eu\/product\/life-fitness-olympic-decline-hasznalt\/#breadcrumb\"},\"inLanguage\":\"hu\",\"potentialAction\":[{\"@type\":\"ReadAction\",\"target\":[\"https:\/\/aw-sport.hu\/eu\/product\/life-fitness-olympic-decline-hasznalt\/\"]}]},{\"@type\":\"BreadcrumbList\",\"@id\":\"https:\/\/aw-sport.hu\/eu\/product\/life-fitness-olympic-decline-hasznalt\/#breadcrumb\",\"itemListElement\":[{\"@type\":\"ListItem\",\"position\":1,\"name\":\"Kezd\u0151lap\",\"item\":\"https:\/\/aw-sport.hu\/eu\/\"},{\"@type\":\"ListItem\",\"position\":2,\"name\":\"Shop\",\"item\":\"https:\/\/aw-sport.hu\/eu\/shop\/\"},{\"@type\":\"ListItem\",\"position\":3,\"name\":\"Life Fitness, OLYMPIC DECLINE, haszn\u00e1lt\"}]},{\"@type\":\"WebSite\",\"@id\":\"https:\/\/aw-sport.hu\/eu\/#website\",\"url\":\"https:\/\/aw-sport.hu\/eu\/\",\"name\":\"AW Sport EU\",\"description\":\"The new concept of quality\",\"potentialAction\":[{\"@type\":\"SearchAction\",\"target\":{\"@type\":\"EntryPoint\",\"urlTemplate\":\"https:\/\/aw-sport.hu\/eu\/?s={search_term_string}\"},\"query-input\":{\"@type\":\"PropertyValueSpecification\",\"valueRequired\":true,\"valueName\":\"search_term_string\"}}],\"inLanguage\":\"hu\"}]}<\/script>\n<!-- \/ Yoast SEO plugin. -->","yoast_head_json":{"title":"Life Fitness, OLYMPIC DECLINE, haszn\u00e1lt - AW Sport EU","robots":{"index":"index","follow":"follow","max-snippet":"max-snippet:-1","max-image-preview":"max-image-preview:large","max-video-preview":"max-video-preview:-1"},"canonical":"https:\/\/aw-sport.hu\/eu\/hu\/termek\/life-fitness-olympic-decline-hasznalt\/","og_locale":"hu_HU","og_type":"article","og_title":"Life Fitness, OLYMPIC DECLINE, haszn\u00e1lt - AW Sport EU","og_url":"https:\/\/aw-sport.hu\/eu\/hu\/termek\/life-fitness-olympic-decline-hasznalt\/","og_site_name":"AW Sport EU","article_modified_time":"2025-02-22T12:50:25+00:00","twitter_card":"summary_large_image","schema":{"@context":"https:\/\/schema.org","@graph":[{"@type":"WebPage","@id":"https:\/\/aw-sport.hu\/eu\/product\/life-fitness-olympic-decline-hasznalt\/","url":"https:\/\/aw-sport.hu\/eu\/product\/life-fitness-olympic-decline-hasznalt\/","name":"Life Fitness, OLYMPIC DECLINE, haszn\u00e1lt - AW Sport EU","isPartOf":{"@id":"https:\/\/aw-sport.hu\/eu\/#website"},"datePublished":"2025-02-22T12:50:22+00:00","dateModified":"2025-02-22T12:50:25+00:00","breadcrumb":{"@id":"https:\/\/aw-sport.hu\/eu\/product\/life-fitness-olympic-decline-hasznalt\/#breadcrumb"},"inLanguage":"hu","potentialAction":[{"@type":"ReadAction","target":["https:\/\/aw-sport.hu\/eu\/product\/life-fitness-olympic-decline-hasznalt\/"]}]},{"@type":"BreadcrumbList","@id":"https:\/\/aw-sport.hu\/eu\/product\/life-fitness-olympic-decline-hasznalt\/#breadcrumb","itemListElement":[{"@type":"ListItem","position":1,"name":"Kezd\u0151lap","item":"https:\/\/aw-sport.hu\/eu\/"},{"@type":"ListItem","position":2,"name":"Shop","item":"https:\/\/aw-sport.hu\/eu\/shop\/"},{"@type":"ListItem","position":3,"name":"Life Fitness, OLYMPIC DECLINE, haszn\u00e1lt"}]},{"@type":"WebSite","@id":"https:\/\/aw-sport.hu\/eu\/#website","url":"https:\/\/aw-sport.hu\/eu\/","name":"AW Sport EU","description":"A min\u0151s\u00e9g \u00faj koncepci\u00f3ja","potentialAction":[{"@type":"SearchAction","target":{"@type":"EntryPoint","urlTemplate":"https:\/\/aw-sport.hu\/eu\/?s={search_term_string}"},"query-input":{"@type":"PropertyValueSpecification","valueRequired":true,"valueName":"search_term_string"}}],"inLanguage":"hu"}]}},"_links":{"self":[{"href":"https:\/\/aw-sport.hu\/eu\/hu\/wp-json\/wp\/v2\/product\/10801","targetHints":{"allow":["GET"]}}],"collection":[{"href":"https:\/\/aw-sport.hu\/eu\/hu\/wp-json\/wp\/v2\/product"}],"about":[{"href":"https:\/\/aw-sport.hu\/eu\/hu\/wp-json\/wp\/v2\/types\/product"}],"replies":[{"embeddable":true,"href":"https:\/\/aw-sport.hu\/eu\/hu\/wp-json\/wp\/v2\/comments?post=10801"}],"version-history":[{"count":1,"href":"https:\/\/aw-sport.hu\/eu\/hu\/wp-json\/wp\/v2\/product\/10801\/revisions"}],"predecessor-version":[{"id":10802,"href":"https:\/\/aw-sport.hu\/eu\/hu\/wp-json\/wp\/v2\/product\/10801\/revisions\/10802"}],"wp:attachment":[{"href":"https:\/\/aw-sport.hu\/eu\/hu\/wp-json\/wp\/v2\/media?parent=10801"}],"wp:term":[{"taxonomy":"product_brand","embeddable":true,"href":"https:\/\/aw-sport.hu\/eu\/hu\/wp-json\/wp\/v2\/product_brand?post=10801"},{"taxonomy":"product_cat","embeddable":true,"href":"https:\/\/aw-sport.hu\/eu\/hu\/wp-json\/wp\/v2\/product_cat?post=10801"},{"taxonomy":"product_tag","embeddable":true,"href":"https:\/\/aw-sport.hu\/eu\/hu\/wp-json\/wp\/v2\/product_tag?post=10801"}],"curies":[{"name":"wp","href":"https:\/\/api.w.org\/{rel}","templated":true}]}}